{"id":18998,"date":"2023-03-12T12:49:55","date_gmt":"2023-03-12T12:49:55","guid":{"rendered":"https:\/\/liveniu.com\/?page_id=18998"},"modified":"2023-03-12T12:59:30","modified_gmt":"2023-03-12T12:59:30","slug":"3d-recorrido","status":"publish","type":"page","link":"https:\/\/liveniu.com\/es\/3d-recorrido\/","title":{"rendered":"360\u00b0 Showroom"},"content":{"rendered":"<div class=\"wpb-content-wrapper\"><p>[vc_section el_id=&#8221;3d_tour-section_1&#8243;][vc_row css=&#8221;.vc_custom_1590602959872{background: #111111 url(https:\/\/liveniu.com\/wp-content\/uploads\/2020\/05\/3d_virtual_room-section_1-bg_img_1.png?id=9773) !important;background-position: center !important;background-repeat: no-repeat !important;background-size: cover !important;}&#8221;][vc_column][vc_empty_space height=&#8221;180px&#8221; el_class=&#8221;show-for-large&#8221;][vc_empty_space height=&#8221;45px&#8221; el_class=&#8221;hide-for-large&#8221;][vc_row_inner el_class=&#8221;row no-padding-vc&#8221;][vc_column_inner][vc_column_text]<\/p>\n<h1 class=\"page-heading uc alt-white\" style=\"text-align: center;\">SHOWROOM VIRTUAL 360\u00b0<\/h1>\n<p>[\/vc_column_text][\/vc_column_inner][\/vc_row_inner][vc_empty_space height=&#8221;180px&#8221; el_class=&#8221;show-for-large&#8221;][vc_empty_space height=&#8221;45px&#8221; el_class=&#8221;hide-for-large&#8221;][\/vc_column][\/vc_row][vc_row][vc_column][vc_empty_space height=&#8221;75px&#8221; el_class=&#8221;show-for-large&#8221;][vc_empty_space height=&#8221;45px&#8221; el_class=&#8221;hide-for-large&#8221;][\/vc_column][\/vc_row][\/vc_section][vc_section el_id=&#8221;3d_tour-section_2&#8243;][vc_row][vc_column][vc_row_inner content_placement=&#8221;middle&#8221; el_class=&#8221;row no-padding-vc text-center&#8221;][vc_column_inner][vc_empty_space height=&#8221;45px&#8221; el_class=&#8221;hide-for-xlarge&#8221;][vc_column_text css_animation=&#8221;fadeInUp&#8221; el_class=&#8221;column-right-inner-content text-center&#8221;]<\/p>\n<h2 class=\"uc\">BIENVENIDOS A NUESTRO SHOWROOM VIRTUAL<\/h2>\n<p class=\"big\">NIU ahora te lleva nuestro showroom con un recorrido virtual. Encuentra muebles de oficina pr\u00e1cticos y con estilo,<br \/>\nsof\u00e1s de cuero cl\u00e1sicos para la sala de estar y juegos de comedor elegantes.<br \/>\nTodo lo que necesitas para crear tu espacio de ensue\u00f1o est\u00e1 aqu\u00ed. \u00bfVes una pieza que te gusta? \u00a1Cont\u00e1ctanos para obtener m\u00e1s informaci\u00f3n!<\/p>\n<p>[\/vc_column_text][vc_empty_space height=&#8221;75px&#8221; el_class=&#8221;show-for-xlarge&#8221;][\/vc_column_inner][\/vc_row_inner][\/vc_column][\/vc_row][\/vc_section][vc_section el_id=&#8221;3d_tour-section_3&#8243;][vc_row][vc_column][vc_row_inner content_placement=&#8221;middle&#8221; el_class=&#8221;row no-padding-vc text-center&#8221;][vc_column_inner][vc_empty_space height=&#8221;45px&#8221; el_class=&#8221;hide-for-xlarge&#8221;][vc_raw_html]JTNDdWwlMjBpZCUzRCUyMmNvbGxhcHNpbmctdGFicyUyMiUyMGNsYXNzJTNEJTIydGFicyUyMiUyMGRhdGEtYWN0aXZlLWNvbGxhcHNlJTNEJTIydHJ1ZSUyMiUyMGRhdGEtdGFicyUzRCUyMiUyMiUzRSUwQSUyMCUyMCUyMCUyMCUzQ2RpdiUyMGNsYXNzJTNEJTIycm93JTIyJTNFJTBBJTIwJTIwJTIwJTIwJTIwJTIwJTIwJTIwJTNDZGl2JTIwY2xhc3MlM0QlMjJjb2x1bW5zJTIweGxhcmdlLTglMjBsYXJnZS0xMiUyMG1lZGl1bS0xMiUyMHhsYXJnZS1jZW50ZXJlZCUyMiUzRSUwQSUyMCUyMCUyMCUyMCUyMCUyMCUyMCUyMCUyMCUyMCUyMCUzQ2RpdiUyMGNsYXNzJTNEJTIycm93JTIyJTNFJTBBJTIwJTIwJTIwJTIwJTIwJTIwJTIwJTIwJTIwJTIwJTIwJTIwJTIwJTIwJTNDZGl2JTIwY2xhc3MlM0QlMjJjb2x1bW5zJTIwbGFyZ2UtNCUyMGxhcmdlLXRleHQtcmlnaHQlMjB0ZXh0LWNlbnRlciUyMGJvcmRlci1saW5lJTIyJTNFJTBBJTIwJTIwJTIwJTIwJTIwJTIwJTIwJTIwJTIwJTIwJTIwJTIwJTNDbGklMjBjbGFzcyUzRCUyMnRhYnMtdGl0bGUlMjBpcy1hY3RpdmUlMjIlM0UlM0NhJTIwaHJlZiUzRCUyMiUyM3RhYi1wYW5lbDFjJTIyJTIwYXJpYS1zZWxlY3RlZCUzRCUyMnRydWUlMjIlM0UxZXIlMjBQSVNPJTNDJTJGYSUzRSUzQyUyRmxpJTNFJTBBJTIwJTIwJTIwJTIwJTIwJTIwJTIwJTIwJTNDJTJGZGl2JTNFJTBBJTIwJTIwJTIwJTIwJTIwJTIwJTIwJTIwJTNDZGl2JTIwY2xhc3MlM0QlMjJjb2x1bW5zJTIwbGFyZ2UtNCUyMHRleHQtY2VudGVyJTIwYm9yZGVyLWxpbmUlMjIlM0UlMEElMjAlMjAlMjAlMjAlMjAlMjAlMjAlMjAlMjAlMjAlMjAlMjAlM0NsaSUyMGNsYXNzJTNEJTIydGFicy10aXRsZSUyMiUzRSUzQ2ElMjBocmVmJTNEJTIyJTIzdGFiLXBhbmVsMmMlMjIlM0UyZG8lMjBQSVNPJTNDJTJGYSUzRSUzQyUyRmxpJTNFJTBBJTIwJTIwJTIwJTIwJTIwJTIwJTIwJTIwJTNDJTJGZGl2JTNFJTBBJTIwJTIwJTIwJTIwJTIwJTIwJTIwJTIwJTNDZGl2JTIwY2xhc3MlM0QlMjJjb2x1bW5zJTIwbGFyZ2UtNCUyMGxhcmdlLXRleHQtbGVmdCUyMHRleHQtY2VudGVyJTIyJTNFJTBBJTIwJTIwJTIwJTIwJTIwJTIwJTIwJTIwJTIwJTIwJTIwJTIwJTNDbGklMjBjbGFzcyUzRCUyMnRhYnMtdGl0bGUlMjIlM0UlM0NhJTIwaHJlZiUzRCUyMiUyM3RhYi1wYW5lbDNjJTIyJTNFM2VyJTIwUElTTyUzQyUyRmElM0UlM0MlMkZsaSUzRSUwQSUyMCUyMCUyMCUyMCUyMCUyMCUyMCUyMCUzQyUyRmRpdiUzRSUwQSUyMCUyMCUyMCUyMCUyMCUyMCUyMCUyMCUyMCUyMCUyMCUzQ2RpdiUzRSUwQSUyMCUyMCUyMCUyMCUyMCUyMCUyMCUyMCUzQyUyRmRpdiUzRSUwQSUyMCUyMCUyMCUyMCUzQyUyRmRpdiUzRSUwQSUzQyUyRnVsJTNFJTBBJTNDZGl2JTIwY2xhc3MlM0QlMjJ0YWJzLWNvbnRlbnQlMjIlMjBkYXRhLXRhYnMtY29udGVudCUzRCUyMmNvbGxhcHNpbmctdGFicyUyMiUzRSUwQSUyMCUyMCUyMCUyMCUzQ2RpdiUyMGlkJTNEJTIydGFiLXBhbmVsMWMlMjIlMjBjbGFzcyUzRCUyMnRhYnMtcGFuZWwlMjBpcy1hY3RpdmUlMjIlM0UlMEElMjAlMjAlMjAlMjAlMjAlMjAlMjAlMjAlM0NkaXYlMjBjbGFzcyUzRCUyMnJlc3BvbnNpdmUtZW1iZWQlMjBmbGV4LXZpZGVvJTIwd2lkZXNjcmVlbiUyMiUzRSUzQ2lmcmFtZSUyMHdpZHRoJTNEJTI3ODUzJTI3JTIwaGVpZ2h0JTNEJTI3NDgwJTI3JTBBJTIwJTIwJTIwJTIwJTIwJTIwJTIwJTIwJTIwJTIwJTIwJTIwJTIwJTIwJTIwJTIwc3JjJTNEJTI3JTIwaHR0cHMlM0ElMkYlMkZteS5tYXR0ZXJwb3J0LmNvbSUyRnNob3clMkYlM0ZtJTNEY1huQzNQdU1oeFclMjclMjBmcmFtZWJvcmRlciUzRCUyNzAlMjclMjBhbGxvd2Z1bGxzY3JlZW4lMEElMjAlMjAlMjAlMjAlMjAlMjAlMjAlMjAlMjAlMjAlMjAlMjAlMjAlMjAlMjAlMjBhbGxvdyUzRCUyN3ZyJTI3JTNFJTNDJTJGaWZyYW1lJTNFJTNDJTJGZGl2JTNFJTBBJTIwJTIwJTIwJTIwJTNDJTJGZGl2JTNFJTBBJTIwJTIwJTIwJTIwJTNDZGl2JTIwaWQlM0QlMjJ0YWItcGFuZWwyYyUyMiUyMGNsYXNzJTNEJTIydGFicy1wYW5lbCUyMiUzRSUwQSUyMCUyMCUyMCUyMCUyMCUyMCUyMCUyMCUzQ2RpdiUyMGNsYXNzJTNEJTIycmVzcG9uc2l2ZS1lbWJlZCUyMGZsZXgtdmlkZW8lMjB3aWRlc2NyZWVuJTIyJTNFJTBBJTIwJTIwJTIwJTIwJTIwJTIwJTIwJTIwJTIwJTIwJTIwJTIwJTNDcCUzRSUzQ2lmcmFtZSUyMHdpZHRoJTNEJTI3ODUzJTI3JTIwaGVpZ2h0JTNEJTI3NDgwJTI3JTIwc3JjJTNEJTI3aHR0cHMlM0ElMkYlMkZteS5tYXR0ZXJwb3J0LmNvbSUyRnNob3clMkYlM0ZtJTNEaDNDbURpMUFzV3MlMjclMjBmcmFtZWJvcmRlciUzRCUyNzAlMjclMEElMjAlMjAlMjAlMjAlMjAlMjAlMjAlMjAlMjAlMjAlMjAlMjAlMjAlMjAlMjAlMjAlMjAlMjAlMjAlMjBhbGxvd2Z1bGxzY3JlZW4lMjBhbGxvdyUzRCUyN3ZyJTI3JTNFJTNDJTJGaWZyYW1lJTNFJTBBJTIwJTIwJTIwJTIwJTIwJTIwJTIwJTIwJTNDJTJGZGl2JTNFJTBBJTIwJTIwJTIwJTIwJTNDJTJGZGl2JTNFJTBBJTIwJTIwJTIwJTIwJTNDZGl2JTIwaWQlM0QlMjJ0YWItcGFuZWwzYyUyMiUyMGNsYXNzJTNEJTIydGFicy1wYW5lbCUyMiUzRSUwQSUyMCUyMCUyMCUyMCUyMCUyMCUyMCUyMCUzQ2RpdiUyMGNsYXNzJTNEJTIycmVzcG9uc2l2ZS1lbWJlZCUyMGZsZXgtdmlkZW8lMjB3aWRlc2NyZWVuJTIyJTNFJTBBJTIwJTIwJTIwJTIwJTIwJTIwJTIwJTIwJTIwJTIwJTIwJTIwJTNDcCUzRSUzQ2lmcmFtZSUyMHdpZHRoJTNEJTI3ODUzJTI3JTIwaGVpZ2h0JTNEJTI3NDgwJTI3JTIwc3JjJTNEJTI3aHR0cHMlM0ElMkYlMkZteS5tYXR0ZXJwb3J0LmNvbSUyRnNob3clMkYlM0ZtJTNEbnR3Q1o3REtqdHclMjclMjBmcmFtZWJvcmRlciUzRCUyNzAlMjclMEElMjAlMjAlMjAlMjAlMjAlMjAlMjAlMjAlMjAlMjAlMjAlMjAlMjAlMjAlMjAlMjAlMjAlMjAlMjAlMjBhbGxvd2Z1bGxzY3JlZW4lMjBhbGxvdyUzRCUyN3ZyJTI3JTNFJTNDJTJGaWZyYW1lJTNFJTBBJTIwJTIwJTIwJTIwJTIwJTIwJTIwJTIwJTNDJTJGZGl2JTNFJTBBJTIwJTIwJTIwJTIwJTNDJTJGZGl2JTNFJTBBJTNDJTJGZGl2JTNF[\/vc_raw_html][vc_empty_space height=&#8221;75px&#8221; el_class=&#8221;show-for-xlarge&#8221;][\/vc_column_inner][\/vc_row_inner][\/vc_column][\/vc_row][\/vc_section][vc_section el_id=&#8221;design_services-section_4&#8243;][vc_row css=&#8221;.vc_custom_1559207256026{background-color: #ec1f27 !important;}&#8221;][vc_column][vc_empty_space height=&#8221;60px&#8221; el_class=&#8221;show-for-large&#8221;][vc_empty_space height=&#8221;45px&#8221; el_class=&#8221;hide-for-large&#8221;][vc_row_inner equal_height=&#8221;yes&#8221; content_placement=&#8221;middle&#8221; el_class=&#8221;row no-padding-vc&#8221;][vc_column_inner width=&#8221;5\/12&#8243;][vc_column_text el_class=&#8221;text-center large-text-left&#8221;]<\/p>\n<h2 class=\"uc alt-white\">Join our Mailing List<\/h2>\n<p class=\"big alt-white\">Sign up to our newsletter to get the latest design trends, tips and discounts to your inbox.<\/p>\n<p>[\/vc_column_text][vc_empty_space height=&#8221;24px&#8221; el_class=&#8221;hide-for-large&#8221;][\/vc_column_inner][vc_column_inner width=&#8221;2\/12&#8243;][\/vc_column_inner][vc_column_inner width=&#8221;5\/12&#8243;]\n<div class=\"wpcf7 no-js\" id=\"wpcf7-f8-o1\" lang=\"en-US\" dir=\"ltr\" data-wpcf7-id=\"8\">\n<div class=\"screen-reader-response\"><p role=\"status\" aria-live=\"polite\" aria-atomic=\"true\"><\/p> <ul><\/ul><\/div>\n<form action=\"\/es\/wp-json\/wp\/v2\/pages\/18998#wpcf7-f8-o1\" method=\"post\" class=\"wpcf7-form init\" aria-label=\"Contact form\" novalidate=\"novalidate\" data-status=\"init\">\n<fieldset class=\"hidden-fields-container\"><input type=\"hidden\" name=\"_wpcf7\" value=\"8\" \/><input type=\"hidden\" name=\"_wpcf7_version\" value=\"6.1\" \/><input type=\"hidden\" name=\"_wpcf7_locale\" value=\"en_US\" \/><input type=\"hidden\" name=\"_wpcf7_unit_tag\" value=\"wpcf7-f8-o1\" \/><input type=\"hidden\" name=\"_wpcf7_container_post\" value=\"0\" \/><input type=\"hidden\" name=\"_wpcf7_posted_data_hash\" value=\"\" \/><input type=\"hidden\" name=\"_wpcf7_recaptcha_response\" value=\"\" \/>\n<\/fieldset>\n<!--<div class=\"input-group no-margin-bottom\"><span class=\"wpcf7-form-control-wrap\" data-name=\"email\"><input size=\"40\" maxlength=\"400\" class=\"wpcf7-form-control wpcf7-email wpcf7-validates-as-required wpcf7-text wpcf7-validates-as-email input-group-field\" aria-required=\"true\" aria-invalid=\"false\" placeholder=\"Your Email Address\" value=\"\" type=\"email\" name=\"email\" \/><\/span><div class=\"input-group-button\"><span id=\"wpcf7-69f34193448a8-wrapper\" class=\"wpcf7-form-control-wrap honeypot-629-wrap\" ><input type=\"hidden\" name=\"honeypot-629-time-start\" value=\"1777549715\"><input type=\"hidden\" name=\"honeypot-629-time-check\" value=\"4\"><label for=\"wpcf7-69f34193448a8-field\" class=\"hp-message\">Please leave this field empty.<\/label><input id=\"wpcf7-69f34193448a8-field\"  class=\"wpcf7-form-control wpcf7-text\" type=\"text\" name=\"honeypot-629\" value=\"\" size=\"40\" tabindex=\"-1\" autocomplete=\"new-password\" \/><\/span><button id=\"cf7Submit-Subscribe\" type=\"submit\" class=\"button secondary uc\">Subscribe<\/button><\/div><\/div>-->\n<div class=\"row\">\n\t<div class=\"columns large-12\">\n\t\t<div class=\"row\">\n\t\t\t<div class=\"columns large-12\">\n\t\t\t\t<p><span class=\"wpcf7-form-control-wrap\" data-name=\"full-name\"><input size=\"40\" maxlength=\"400\" class=\"wpcf7-form-control wpcf7-text wpcf7-validates-as-required\" aria-required=\"true\" aria-invalid=\"false\" placeholder=\"Your Full Name\" value=\"\" type=\"text\" name=\"full-name\" \/><\/span>\n\t\t\t\t<\/p>\n\t\t\t<\/div>\n\t\t<\/div>\n\t\t<div class=\"row\">\n\t\t\t<div class=\"columns large-12\">\n\t\t\t\t<p><span class=\"wpcf7-form-control-wrap\" data-name=\"email\"><input size=\"40\" maxlength=\"400\" class=\"wpcf7-form-control wpcf7-email wpcf7-validates-as-required wpcf7-text wpcf7-validates-as-email\" aria-required=\"true\" aria-invalid=\"false\" placeholder=\"Your Email Address\" value=\"\" type=\"email\" name=\"email\" \/><\/span>\n\t\t\t\t<\/p>\n\t\t\t<\/div>\n\t\t<\/div>\n\t\t<div class=\"row\">\n\t\t\t<div class=\"columns large-12 text-center large-text-left\">\n\t\t\t\t<p><span id=\"wpcf7-69f341934496a-wrapper\" class=\"wpcf7-form-control-wrap honeypot-629-wrap\" ><input type=\"hidden\" name=\"honeypot-629-time-start\" value=\"1777549715\"><input type=\"hidden\" name=\"honeypot-629-time-check\" value=\"4\"><label for=\"wpcf7-69f341934496a-field\" class=\"hp-message\">Please leave this field empty.<\/label><input id=\"wpcf7-69f341934496a-field\"  class=\"wpcf7-form-control wpcf7-text\" type=\"text\" name=\"honeypot-629\" value=\"\" size=\"40\" tabindex=\"-1\" autocomplete=\"new-password\" \/><\/span><button id=\"cf7Submit-Subscribe\" type=\"submit\" class=\"button secondary uc\">Subscribe<\/button>\n\t\t\t\t<\/p>\n\t\t\t<\/div>\n\t\t<\/div>\n\t<\/div>\n<\/div><div class=\"wpcf7-response-output\" aria-hidden=\"true\"><\/div>\n<\/form>\n<\/div>\n[\/vc_column_inner][\/vc_row_inner][vc_empty_space height=&#8221;60px&#8221; el_class=&#8221;show-for-large&#8221;][vc_empty_space height=&#8221;45px&#8221; el_class=&#8221;hide-for-large&#8221;][\/vc_column][\/vc_row][\/vc_section][vc_section disable_element=&#8221;yes&#8221; el_id=&#8221;design_services-section_5&#8243;][vc_row][vc_column][vc_row_inner el_class=&#8221;no-padding-vc&#8221;][vc_column_inner][vc_column_text]<\/p>\n<div class=\"custom-shortcode\"><div id=\"instagram-showcase\">Instagram has returned invalid data.<p class=\"clear\"><a href=\"\/\/instagram.com\/niuurbanliving\/\" rel=\"me\" target=\"_blank\" class=\"\">Follow Our Instagram<\/a><\/p><\/div><\/div>\n<p>[\/vc_column_text][\/vc_column_inner][\/vc_row_inner][\/vc_column][\/vc_row][\/vc_section]<\/p>\n<\/div>","protected":false},"excerpt":{"rendered":"<p>[vc_section el_id=&#8221;3d_tour-section_1&#8243;][vc_row css=&#8221;.vc_custom_1590602959872{background: #111111 url(https:\/\/liveniu.com\/wp-content\/uploads\/2020\/05\/3d_virtual_room-section_1-bg_img_1.png?id=9773) !important;background-position: center !important;background-repeat: no-repeat !important;background-size: cover !important;}&#8221;][vc_column][vc_empty_space height=&#8221;180px&#8221; el_class=&#8221;show-for-large&#8221;][vc_empty_space height=&#8221;45px&#8221; el_class=&#8221;hide-for-large&#8221;][vc_row_inner el_class=&#8221;row no-padding-vc&#8221;][vc_column_inner][vc_column_text] SHOWROOM VIRTUAL 360\u00b0 [\/vc_column_text][\/vc_column_inner][\/vc_row_inner][vc_empty_space height=&#8221;180px&#8221; el_class=&#8221;show-for-large&#8221;][vc_empty_space height=&#8221;45px&#8221; el_class=&#8221;hide-for-large&#8221;][\/vc_column][\/vc_row][vc_row][vc_column][vc_empty_space height=&#8221;75px&#8221; el_class=&#8221;show-for-large&#8221;][vc_empty_space height=&#8221;45px&#8221; el_class=&#8221;hide-for-large&#8221;][\/vc_column][\/vc_row][\/vc_section][vc_section el_id=&#8221;3d_tour-section_2&#8243;][vc_row][vc_column][vc_row_inner content_placement=&#8221;middle&#8221; el_class=&#8221;row no-padding-vc text-center&#8221;][vc_column_inner][vc_empty_space height=&#8221;45px&#8221; el_class=&#8221;hide-for-xlarge&#8221;][vc_column_text css_animation=&#8221;fadeInUp&#8221; el_class=&#8221;column-right-inner-content text-center&#8221;] BIENVENIDOS A NUESTRO SHOWROOM VIRTUAL NIU ahora te lleva nuestro showroom con un recorrido virtual.<a class=\"excerpt-read-more\" href=\"https:\/\/liveniu.com\/es\/3d-recorrido\/\" title=\"Read360\u00b0 Showroom\">&#8230; Read more &raquo;<\/a><\/p>\n","protected":false},"author":1,"featured_media":0,"parent":0,"menu_order":0,"comment_status":"closed","ping_status":"closed","template":"template-visual-builder.php","meta":{"_acf_changed":false,"footnotes":""},"class_list":["post-18998","page","type-page","status-publish","hentry"],"acf":[],"yoast_head":"<!-- This site is optimized with the Yoast SEO plugin v25.6 - https:\/\/yoast.com\/wordpress\/plugins\/seo\/ -->\n<title>360\u00b0 Showroom | Niu Urban Living<\/title>\n<meta name=\"robots\" content=\"index, follow, max-snippet:-1, max-image-preview:large, max-video-preview:-1\" \/>\n<link rel=\"canonical\" href=\"https:\/\/liveniu.com\/es\/3d-recorrido\/\" \/>\n<meta property=\"og:locale\" content=\"es_MX\" \/>\n<meta property=\"og:type\" content=\"article\" \/>\n<meta property=\"og:title\" content=\"360\u00b0 Showroom | Niu Urban Living\" \/>\n<meta property=\"og:description\" content=\"[vc_section el_id=&#8221;3d_tour-section_1&#8243;][vc_row css=&#8221;.vc_custom_1590602959872{background: #111111 url(https:\/\/liveniu.com\/wp-content\/uploads\/2020\/05\/3d_virtual_room-section_1-bg_img_1.png?id=9773) !important;background-position: center !important;background-repeat: no-repeat !important;background-size: cover !important;}&#8221;][vc_column][vc_empty_space height=&#8221;180px&#8221; el_class=&#8221;show-for-large&#8221;][vc_empty_space height=&#8221;45px&#8221; el_class=&#8221;hide-for-large&#8221;][vc_row_inner el_class=&#8221;row no-padding-vc&#8221;][vc_column_inner][vc_column_text] SHOWROOM VIRTUAL 360\u00b0 [\/vc_column_text][\/vc_column_inner][\/vc_row_inner][vc_empty_space height=&#8221;180px&#8221; el_class=&#8221;show-for-large&#8221;][vc_empty_space height=&#8221;45px&#8221; el_class=&#8221;hide-for-large&#8221;][\/vc_column][\/vc_row][vc_row][vc_column][vc_empty_space height=&#8221;75px&#8221; el_class=&#8221;show-for-large&#8221;][vc_empty_space height=&#8221;45px&#8221; el_class=&#8221;hide-for-large&#8221;][\/vc_column][\/vc_row][\/vc_section][vc_section el_id=&#8221;3d_tour-section_2&#8243;][vc_row][vc_column][vc_row_inner content_placement=&#8221;middle&#8221; el_class=&#8221;row no-padding-vc text-center&#8221;][vc_column_inner][vc_empty_space height=&#8221;45px&#8221; el_class=&#8221;hide-for-xlarge&#8221;][vc_column_text css_animation=&#8221;fadeInUp&#8221; el_class=&#8221;column-right-inner-content text-center&#8221;] BIENVENIDOS A NUESTRO SHOWROOM VIRTUAL NIU ahora te lleva nuestro showroom con un recorrido virtual.... Read more &raquo;\" \/>\n<meta property=\"og:url\" content=\"https:\/\/liveniu.com\/es\/3d-recorrido\/\" \/>\n<meta property=\"og:site_name\" content=\"Niu Urban Living\" \/>\n<meta property=\"article:publisher\" content=\"https:\/\/www.facebook.com\/niuurbanliving\/\" \/>\n<meta property=\"article:modified_time\" content=\"2023-03-12T12:59:30+00:00\" \/>\n<meta name=\"twitter:card\" content=\"summary_large_image\" \/>\n<meta name=\"twitter:site\" content=\"@niuurbanliving\" \/>\n<meta name=\"twitter:label1\" content=\"Est. reading time\" \/>\n\t<meta name=\"twitter:data1\" content=\"1 minute\" \/>\n<script type=\"application\/ld+json\" class=\"yoast-schema-graph\">{\"@context\":\"https:\/\/schema.org\",\"@graph\":[{\"@type\":\"WebPage\",\"@id\":\"https:\/\/liveniu.com\/es\/3d-recorrido\/\",\"url\":\"https:\/\/liveniu.com\/es\/3d-recorrido\/\",\"name\":\"360\u00b0 Showroom | Niu Urban Living\",\"isPartOf\":{\"@id\":\"http:\/\/liveniu.wip.codesmprojects.com\/#website\"},\"datePublished\":\"2023-03-12T12:49:55+00:00\",\"dateModified\":\"2023-03-12T12:59:30+00:00\",\"breadcrumb\":{\"@id\":\"https:\/\/liveniu.com\/es\/3d-recorrido\/#breadcrumb\"},\"inLanguage\":\"es-MX\",\"potentialAction\":[{\"@type\":\"ReadAction\",\"target\":[\"https:\/\/liveniu.com\/es\/3d-recorrido\/\"]}]},{\"@type\":\"BreadcrumbList\",\"@id\":\"https:\/\/liveniu.com\/es\/3d-recorrido\/#breadcrumb\",\"itemListElement\":[{\"@type\":\"ListItem\",\"position\":1,\"name\":\"Home\",\"item\":\"https:\/\/liveniu.com\/es\/\"},{\"@type\":\"ListItem\",\"position\":2,\"name\":\"360\u00b0 Showroom\"}]},{\"@type\":\"WebSite\",\"@id\":\"http:\/\/liveniu.wip.codesmprojects.com\/#website\",\"url\":\"http:\/\/liveniu.wip.codesmprojects.com\/\",\"name\":\"Niu Urban Living\",\"description\":\"Niu is a furniture retailer with free design services.\",\"publisher\":{\"@id\":\"http:\/\/liveniu.wip.codesmprojects.com\/#organization\"},\"potentialAction\":[{\"@type\":\"SearchAction\",\"target\":{\"@type\":\"EntryPoint\",\"urlTemplate\":\"http:\/\/liveniu.wip.codesmprojects.com\/?s={search_term_string}\"},\"query-input\":{\"@type\":\"PropertyValueSpecification\",\"valueRequired\":true,\"valueName\":\"search_term_string\"}}],\"inLanguage\":\"es-MX\"},{\"@type\":\"Organization\",\"@id\":\"http:\/\/liveniu.wip.codesmprojects.com\/#organization\",\"name\":\"NIU Urban Living\",\"url\":\"http:\/\/liveniu.wip.codesmprojects.com\/\",\"logo\":{\"@type\":\"ImageObject\",\"inLanguage\":\"es-MX\",\"@id\":\"http:\/\/liveniu.wip.codesmprojects.com\/#\/schema\/logo\/image\/\",\"url\":\"https:\/\/liveniu.com\/wp-content\/uploads\/2019\/06\/uncategorized.png\",\"contentUrl\":\"https:\/\/liveniu.com\/wp-content\/uploads\/2019\/06\/uncategorized.png\",\"width\":450,\"height\":330,\"caption\":\"NIU Urban Living\"},\"image\":{\"@id\":\"http:\/\/liveniu.wip.codesmprojects.com\/#\/schema\/logo\/image\/\"},\"sameAs\":[\"https:\/\/www.facebook.com\/niuurbanliving\/\",\"https:\/\/x.com\/niuurbanliving\",\"https:\/\/www.instagram.com\/niuurbanliving\",\"https:\/\/www.linkedin.com\/company\/niu-urban-living\/about\/\",\"https:\/\/www.pinterest.com\/niuurbanliving\",\"https:\/\/www.youtube.com\/user\/niuurbanliving\"]}]}<\/script>\n<!-- \/ Yoast SEO plugin. -->","yoast_head_json":{"title":"360\u00b0 Showroom | Niu Urban Living","robots":{"index":"index","follow":"follow","max-snippet":"max-snippet:-1","max-image-preview":"max-image-preview:large","max-video-preview":"max-video-preview:-1"},"canonical":"https:\/\/liveniu.com\/es\/3d-recorrido\/","og_locale":"es_MX","og_type":"article","og_title":"360\u00b0 Showroom | Niu Urban Living","og_description":"[vc_section el_id=&#8221;3d_tour-section_1&#8243;][vc_row css=&#8221;.vc_custom_1590602959872{background: #111111 url(https:\/\/liveniu.com\/wp-content\/uploads\/2020\/05\/3d_virtual_room-section_1-bg_img_1.png?id=9773) !important;background-position: center !important;background-repeat: no-repeat !important;background-size: cover !important;}&#8221;][vc_column][vc_empty_space height=&#8221;180px&#8221; el_class=&#8221;show-for-large&#8221;][vc_empty_space height=&#8221;45px&#8221; el_class=&#8221;hide-for-large&#8221;][vc_row_inner el_class=&#8221;row no-padding-vc&#8221;][vc_column_inner][vc_column_text] SHOWROOM VIRTUAL 360\u00b0 [\/vc_column_text][\/vc_column_inner][\/vc_row_inner][vc_empty_space height=&#8221;180px&#8221; el_class=&#8221;show-for-large&#8221;][vc_empty_space height=&#8221;45px&#8221; el_class=&#8221;hide-for-large&#8221;][\/vc_column][\/vc_row][vc_row][vc_column][vc_empty_space height=&#8221;75px&#8221; el_class=&#8221;show-for-large&#8221;][vc_empty_space height=&#8221;45px&#8221; el_class=&#8221;hide-for-large&#8221;][\/vc_column][\/vc_row][\/vc_section][vc_section el_id=&#8221;3d_tour-section_2&#8243;][vc_row][vc_column][vc_row_inner content_placement=&#8221;middle&#8221; el_class=&#8221;row no-padding-vc text-center&#8221;][vc_column_inner][vc_empty_space height=&#8221;45px&#8221; el_class=&#8221;hide-for-xlarge&#8221;][vc_column_text css_animation=&#8221;fadeInUp&#8221; el_class=&#8221;column-right-inner-content text-center&#8221;] BIENVENIDOS A NUESTRO SHOWROOM VIRTUAL NIU ahora te lleva nuestro showroom con un recorrido virtual.... Read more &raquo;","og_url":"https:\/\/liveniu.com\/es\/3d-recorrido\/","og_site_name":"Niu Urban Living","article_publisher":"https:\/\/www.facebook.com\/niuurbanliving\/","article_modified_time":"2023-03-12T12:59:30+00:00","twitter_card":"summary_large_image","twitter_site":"@niuurbanliving","twitter_misc":{"Est. reading time":"1 minute"},"schema":{"@context":"https:\/\/schema.org","@graph":[{"@type":"WebPage","@id":"https:\/\/liveniu.com\/es\/3d-recorrido\/","url":"https:\/\/liveniu.com\/es\/3d-recorrido\/","name":"360\u00b0 Showroom | Niu Urban Living","isPartOf":{"@id":"http:\/\/liveniu.wip.codesmprojects.com\/#website"},"datePublished":"2023-03-12T12:49:55+00:00","dateModified":"2023-03-12T12:59:30+00:00","breadcrumb":{"@id":"https:\/\/liveniu.com\/es\/3d-recorrido\/#breadcrumb"},"inLanguage":"es-MX","potentialAction":[{"@type":"ReadAction","target":["https:\/\/liveniu.com\/es\/3d-recorrido\/"]}]},{"@type":"BreadcrumbList","@id":"https:\/\/liveniu.com\/es\/3d-recorrido\/#breadcrumb","itemListElement":[{"@type":"ListItem","position":1,"name":"Home","item":"https:\/\/liveniu.com\/es\/"},{"@type":"ListItem","position":2,"name":"360\u00b0 Showroom"}]},{"@type":"WebSite","@id":"http:\/\/liveniu.wip.codesmprojects.com\/#website","url":"http:\/\/liveniu.wip.codesmprojects.com\/","name":"Niu Urban Living","description":"Niu is a furniture retailer with free design services.","publisher":{"@id":"http:\/\/liveniu.wip.codesmprojects.com\/#organization"},"potentialAction":[{"@type":"SearchAction","target":{"@type":"EntryPoint","urlTemplate":"http:\/\/liveniu.wip.codesmprojects.com\/?s={search_term_string}"},"query-input":{"@type":"PropertyValueSpecification","valueRequired":true,"valueName":"search_term_string"}}],"inLanguage":"es-MX"},{"@type":"Organization","@id":"http:\/\/liveniu.wip.codesmprojects.com\/#organization","name":"NIU Urban Living","url":"http:\/\/liveniu.wip.codesmprojects.com\/","logo":{"@type":"ImageObject","inLanguage":"es-MX","@id":"http:\/\/liveniu.wip.codesmprojects.com\/#\/schema\/logo\/image\/","url":"https:\/\/liveniu.com\/wp-content\/uploads\/2019\/06\/uncategorized.png","contentUrl":"https:\/\/liveniu.com\/wp-content\/uploads\/2019\/06\/uncategorized.png","width":450,"height":330,"caption":"NIU Urban Living"},"image":{"@id":"http:\/\/liveniu.wip.codesmprojects.com\/#\/schema\/logo\/image\/"},"sameAs":["https:\/\/www.facebook.com\/niuurbanliving\/","https:\/\/x.com\/niuurbanliving","https:\/\/www.instagram.com\/niuurbanliving","https:\/\/www.linkedin.com\/company\/niu-urban-living\/about\/","https:\/\/www.pinterest.com\/niuurbanliving","https:\/\/www.youtube.com\/user\/niuurbanliving"]}]}},"_links":{"self":[{"href":"https:\/\/liveniu.com\/es\/wp-json\/wp\/v2\/pages\/18998","targetHints":{"allow":["GET"]}}],"collection":[{"href":"https:\/\/liveniu.com\/es\/wp-json\/wp\/v2\/pages"}],"about":[{"href":"https:\/\/liveniu.com\/es\/wp-json\/wp\/v2\/types\/page"}],"author":[{"embeddable":true,"href":"https:\/\/liveniu.com\/es\/wp-json\/wp\/v2\/users\/1"}],"replies":[{"embeddable":true,"href":"https:\/\/liveniu.com\/es\/wp-json\/wp\/v2\/comments?post=18998"}],"version-history":[{"count":5,"href":"https:\/\/liveniu.com\/es\/wp-json\/wp\/v2\/pages\/18998\/revisions"}],"predecessor-version":[{"id":19005,"href":"https:\/\/liveniu.com\/es\/wp-json\/wp\/v2\/pages\/18998\/revisions\/19005"}],"wp:attachment":[{"href":"https:\/\/liveniu.com\/es\/wp-json\/wp\/v2\/media?parent=18998"}],"curies":[{"name":"wp","href":"https:\/\/api.w.org\/{rel}","templated":true}]}}